{"id":34838,"date":"2023-04-01T21:32:58","date_gmt":"2023-04-01T19:32:58","guid":{"rendered":"https:\/\/petzl-training.cornuz.ch\/reseau\/"},"modified":"2024-09-13T10:18:48","modified_gmt":"2024-09-13T08:18:48","slug":"reseau","status":"publish","type":"page","link":"https:\/\/petzl-training.cornuz.ch\/fr\/reseau\/","title":{"rendered":"R\u00e9seau"},"content":{"rendered":"<p>[et_pb_section fb_built=\u00a0\u00bb1&Prime; fullwidth=\u00a0\u00bbon\u00a0\u00bb _builder_version=\u00a0\u00bb4.25.2&Prime; _module_preset=\u00a0\u00bbdefault\u00a0\u00bb global_colors_info=\u00a0\u00bb{}\u00a0\u00bb][et_pb_fullwidth_header title=\u00a0\u00bbR\u00c9SEAU\u00a0\u00bb subhead=\u00a0\u00bbVous trouverez ici toutes les informations sur le r\u00e9seau Petzl\u00a0\u00bb admin_label=\u00a0\u00bbYellow Header\u00a0\u00bb _builder_version=\u00a0\u00bb4.27.0&Prime; _dynamic_attributes=\u00a0\u00bbtitle\u00a0\u00bb _module_preset=\u00a0\u00bbdefault\u00a0\u00bb title_font=\u00a0\u00bb&#8211;et_global_heading_font|100||on|||||\u00a0\u00bb title_text_color=\u00a0\u00bb#000000&Prime; title_font_size=\u00a0\u00bb42px\u00a0\u00bb subhead_text_color=\u00a0\u00bb#000000&Prime; subhead_font_size=\u00a0\u00bb16px\u00a0\u00bb background_color=\u00a0\u00bb#FFD500&Prime; use_background_color_gradient=\u00a0\u00bbon\u00a0\u00bb background_color_gradient_stops=\u00a0\u00bbrgba(255,213,25,0.9) 0%|rgba(255,213,25,0.9) 100%\u00a0\u00bb background_color_gradient_overlays_image=\u00a0\u00bbon\u00a0\u00bb background_image=\u00a0\u00bb\/wp-content\/uploads\/2023\/04\/Petzl-Nordic-1.jpeg\u00a0\u00bb custom_padding_tablet=\u00a0\u00bb30px||30px||true|false\u00a0\u00bb custom_padding_phone=\u00a0\u00bb15px||15px||true|false\u00a0\u00bb custom_padding_last_edited=\u00a0\u00bbon|phone\u00a0\u00bb title_font_size_tablet=\u00a0\u00bb36px\u00a0\u00bb title_font_size_phone=\u00a0\u00bb28px\u00a0\u00bb title_font_size_last_edited=\u00a0\u00bbon|tablet\u00a0\u00bb saved_tabs=\u00a0\u00bball\u00a0\u00bb global_colors_info=\u00a0\u00bb{}\u00a0\u00bb][\/et_pb_fullwidth_header][\/et_pb_section][et_pb_section fb_built=\u00a0\u00bb1&Prime; use_custom_gutter=\u00a0\u00bbon\u00a0\u00bb gutter_width=\u00a0\u00bb2&Prime; specialty=\u00a0\u00bbon\u00a0\u00bb custom_padding_last_edited=\u00a0\u00bbon|tablet\u00a0\u00bb _builder_version=\u00a0\u00bb4.27.0&Prime; _module_preset=\u00a0\u00bbdefault\u00a0\u00bb custom_padding_tablet=\u00a0\u00bb0px||||false|false\u00a0\u00bb custom_padding_phone=\u00a0\u00bb0px||||false|false\u00a0\u00bb global_colors_info=\u00a0\u00bb{}\u00a0\u00bb][et_pb_column type=\u00a0\u00bb1_4&Prime; _builder_version=\u00a0\u00bb4.16&Prime; custom_padding=\u00a0\u00bb|||\u00a0\u00bb global_colors_info=\u00a0\u00bb{}\u00a0\u00bb custom_padding__hover=\u00a0\u00bb|||\u00a0\u00bb][et_pb_button button_url=\u00a0\u00bb#Solution\u00a0\u00bb button_text=\u00a0\u00bbPETZL SOLUTION\u00a0\u00bb disabled_on=\u00a0\u00bbon|on|off\u00a0\u00bb _builder_version=\u00a0\u00bb4.27.0&Prime; _dynamic_attributes=\u00a0\u00bbbutton_url\u00a0\u00bb _module_preset=\u00a0\u00bbdefault\u00a0\u00bb custom_button=\u00a0\u00bbon\u00a0\u00bb button_text_size=\u00a0\u00bb16px\u00a0\u00bb button_bg_color=\u00a0\u00bb#fafafa\u00a0\u00bb button_border_width=\u00a0\u00bb0px\u00a0\u00bb button_border_radius=\u00a0\u00bb0px\u00a0\u00bb positioning=\u00a0\u00bbrelative\u00a0\u00bb custom_margin=\u00a0\u00bb0px|0px|0px|0px|true|true\u00a0\u00bb custom_padding=\u00a0\u00bb1em|1.5em|1em|1.5em|true|true\u00a0\u00bb sticky_position=\u00a0\u00bbtop\u00a0\u00bb custom_css_main_element=\u00a0\u00bb  position: relative;||  display: block!important;||  width: 100%;\u00a0\u00bb custom_css_free_form=\u00a0\u00bbselector {||  position: relative;||  display: block!important;||  width: 100%;||}||selector a {||  position: relative;||  display: block!important;||  width: 100%;||}\u00a0\u00bb saved_tabs=\u00a0\u00bball\u00a0\u00bb global_colors_info=\u00a0\u00bb{}\u00a0\u00bb button_bg_color__hover_enabled=\u00a0\u00bbon|hover\u00a0\u00bb button_bg_color__hover=\u00a0\u00bb#eaeaea\u00a0\u00bb button_bg_enable_color__hover=\u00a0\u00bbon\u00a0\u00bb][\/et_pb_button][et_pb_button button_url=\u00a0\u00bb#Uebersicht\u00a0\u00bb button_text=\u00a0\u00bbVUE D&rsquo;ENSEMBLE\u00a0\u00bb disabled_on=\u00a0\u00bbon|on|off\u00a0\u00bb _builder_version=\u00a0\u00bb4.27.0&Prime; _dynamic_attributes=\u00a0\u00bbbutton_url\u00a0\u00bb _module_preset=\u00a0\u00bbdefault\u00a0\u00bb custom_button=\u00a0\u00bbon\u00a0\u00bb button_text_size=\u00a0\u00bb16px\u00a0\u00bb button_bg_color=\u00a0\u00bb#fafafa\u00a0\u00bb button_border_width=\u00a0\u00bb0px\u00a0\u00bb button_border_radius=\u00a0\u00bb0px\u00a0\u00bb positioning=\u00a0\u00bbrelative\u00a0\u00bb custom_margin=\u00a0\u00bb0px|0px|0px|0px|true|true\u00a0\u00bb custom_padding=\u00a0\u00bb1em|1.5em|1em|1.5em|true|true\u00a0\u00bb sticky_position=\u00a0\u00bbtop\u00a0\u00bb custom_css_main_element=\u00a0\u00bb  position: relative;||  display: block!important;||  width: 100%;\u00a0\u00bb custom_css_free_form=\u00a0\u00bbselector {||  position: relative;||  display: block!important;||  width: 100%;||}||selector a {||  position: relative;||  display: block!important;||  width: 100%;||}\u00a0\u00bb saved_tabs=\u00a0\u00bball\u00a0\u00bb global_colors_info=\u00a0\u00bb{}\u00a0\u00bb button_bg_color__hover_enabled=\u00a0\u00bbon|hover\u00a0\u00bb button_bg_color__hover=\u00a0\u00bb#eaeaea\u00a0\u00bb button_bg_enable_color__hover=\u00a0\u00bbon\u00a0\u00bb][\/et_pb_button][et_pb_button button_url=\u00a0\u00bb#Partners\u00a0\u00bb button_text=\u00a0\u00bbPETZL TECHNICAL PARTNER\u00a0\u00bb disabled_on=\u00a0\u00bbon|on|off\u00a0\u00bb _builder_version=\u00a0\u00bb4.27.0&Prime; _dynamic_attributes=\u00a0\u00bbbutton_url\u00a0\u00bb _module_preset=\u00a0\u00bbdefault\u00a0\u00bb custom_button=\u00a0\u00bbon\u00a0\u00bb button_text_size=\u00a0\u00bb16px\u00a0\u00bb button_bg_color=\u00a0\u00bb#fafafa\u00a0\u00bb button_border_width=\u00a0\u00bb0px\u00a0\u00bb button_border_radius=\u00a0\u00bb0px\u00a0\u00bb positioning=\u00a0\u00bbrelative\u00a0\u00bb custom_margin=\u00a0\u00bb0px|0px|0px|0px|true|true\u00a0\u00bb custom_padding=\u00a0\u00bb1em|1.5em|1em|1.5em|true|true\u00a0\u00bb sticky_position=\u00a0\u00bbtop\u00a0\u00bb custom_css_main_element=\u00a0\u00bb  position: relative;||  display: block!important;||  width: 100%;\u00a0\u00bb custom_css_free_form=\u00a0\u00bbselector {||  position: relative;||  display: block!important;||  width: 100%;||}||selector a {||  position: relative;||  display: block!important;||  width: 100%;||}\u00a0\u00bb saved_tabs=\u00a0\u00bball\u00a0\u00bb global_colors_info=\u00a0\u00bb{}\u00a0\u00bb button_bg_color__hover_enabled=\u00a0\u00bbon|hover\u00a0\u00bb button_bg_color__hover=\u00a0\u00bb#eaeaea\u00a0\u00bb button_bg_enable_color__hover=\u00a0\u00bbon\u00a0\u00bb][\/et_pb_button][\/et_pb_column][et_pb_column type=\u00a0\u00bb3_4&Prime; specialty_columns=\u00a0\u00bb3&Prime; _builder_version=\u00a0\u00bb4.16&Prime; custom_padding=\u00a0\u00bb|||\u00a0\u00bb global_colors_info=\u00a0\u00bb{}\u00a0\u00bb custom_padding__hover=\u00a0\u00bb|||\u00a0\u00bb][et_pb_row_inner module_id=\u00a0\u00bbSolution\u00a0\u00bb _builder_version=\u00a0\u00bb4.27.0&Prime; _module_preset=\u00a0\u00bbdefault\u00a0\u00bb global_colors_info=\u00a0\u00bb{}\u00a0\u00bb][et_pb_column_inner saved_specialty_column_type=\u00a0\u00bb3_4&Prime; _builder_version=\u00a0\u00bb4.25.2&Prime; _module_preset=\u00a0\u00bbdefault\u00a0\u00bb global_colors_info=\u00a0\u00bb{}\u00a0\u00bb][et_pb_text _builder_version=\u00a0\u00bb4.25.2&Prime; _module_preset=\u00a0\u00bbdefault\u00a0\u00bb header_font=\u00a0\u00bb&#8211;et_global_heading_font|300|||||||\u00a0\u00bb header_2_font=\u00a0\u00bb&#8211;et_global_heading_font|300|||||||\u00a0\u00bb header_2_font_size=\u00a0\u00bb32px\u00a0\u00bb custom_margin=\u00a0\u00bb||0px|||\u00a0\u00bb global_colors_info=\u00a0\u00bb{}\u00a0\u00bb]<\/p>\n<h2><span>PETZL SOLUTION<\/span><\/h2>\n<p>[\/et_pb_text][et_pb_image src=\u00a0\u00bb\/wp-content\/uploads\/2023\/05\/petzl-solution-netzwerk.svg\u00a0\u00bb alt=\u00a0\u00bbr\u00e9seau petzl solution\u00a0\u00bb _builder_version=\u00a0\u00bb4.25.2&Prime; _module_preset=\u00a0\u00bbdefault\u00a0\u00bb global_colors_info=\u00a0\u00bb{}\u00a0\u00bb][\/et_pb_image][et_pb_text _builder_version=\u00a0\u00bb4.25.2&Prime; _module_preset=\u00a0\u00bbdefault\u00a0\u00bb header_2_font=\u00a0\u00bb&#8211;et_global_heading_font||||||||\u00a0\u00bb header_3_font=\u00a0\u00bb&#8211;et_global_heading_font||||||||\u00a0\u00bb header_3_font_size=\u00a0\u00bb24px\u00a0\u00bb global_colors_info=\u00a0\u00bb{}\u00a0\u00bb]<\/p>\n<h3>SAVOIR, COMPRENDRE, PARTAGER<\/h3>\n<p>Que ce soit dans l\u2019environnement de travail ou dans les sports de montagne, pour nous d\u00e9placer dans un environnement vertical, nous avons besoin de produits adapt\u00e9s et du savoir-faire pour les utiliser. Ce savoir-faire comprend non seulement l\u2019utilisation correcte du produit, mais aussi la compr\u00e9hension de l\u2019environnement dans lequel il est utilis\u00e9. Ce n\u2019est que gr\u00e2ce \u00e0 cette interaction qu\u2019il est possible de trouver et d\u2019optimiser des solutions aux d\u00e9fis de la verticalit\u00e9.<\/p>\n<p>Nous sommes convaincus que c\u2019est avant tout le partage d\u2019exp\u00e9riences et de connaissances qui rend le travail quotidien plus s\u00fbr et qui fait avancer le d\u00e9veloppement de nos produits. Cet \u00e9change mutuel est au c\u0153ur de Petzl Solution et nous pousse \u00e0 \u00e9tendre notre r\u00e9seau mondial et \u00e0 d\u00e9velopper des modules de formation conformes aux directives officielles, tout en gardant un \u0153il sur la pratique et l\u2019applicabilit\u00e9.<\/p>\n<p>L\u2019objectif de Petzl Solution est de fournir un moyen direct de transmettre des connaissances et d\u2019\u00e9changer des exp\u00e9riences. C\u2019est pourquoi le r\u00e9seau mondial des Instituts Techniques Petzl (PTI) et des Partenaires Techniques Petzl (PTP) a \u00e9t\u00e9 cr\u00e9\u00e9.<\/p>\n<p>&nbsp;<\/p>\n<h3>D\u00c9VELOPPEMENT PAR UNE COMPR\u00c9HENSION PLUS PROFONDE<\/h3>\n<p>A la t\u00eate du r\u00e9seau Petzl Solution se trouve l\u2019\u00e9quipe fran\u00e7aise (si\u00e8ge de l\u2019entreprise), qui travaille en permanence \u00e0 la collecte des retours d\u2019exp\u00e9rience et les combine avec l\u2019expertise de Petzl pour \u00e9laborer des modules de formation pratiques et leurs contenus. En contact direct avec l\u2019\u00e9quipe Petzl Solution, les Petzl Technical Institutes (PTI) sont charg\u00e9s de diffuser les modules de formation et d\u2019information dans le pays pour lequel ils ont \u00e9t\u00e9 audit\u00e9s par Petzl Solution. Le r\u00f4le du PTI est de mettre en place et d\u2019animer un r\u00e9seau r\u00e9gional de Petzl Technical Partners (PTP) et de contr\u00f4ler en permanence la qualit\u00e9 de ces derniers.<\/p>\n<p>[\/et_pb_text][\/et_pb_column_inner][\/et_pb_row_inner][et_pb_row_inner _builder_version=\u00a0\u00bb4.27.0&Prime; _module_preset=\u00a0\u00bbdefault\u00a0\u00bb global_colors_info=\u00a0\u00bb{}\u00a0\u00bb][et_pb_column_inner saved_specialty_column_type=\u00a0\u00bb3_4&Prime; _builder_version=\u00a0\u00bb4.27.0&Prime; _module_preset=\u00a0\u00bbdefault\u00a0\u00bb global_colors_info=\u00a0\u00bb{}\u00a0\u00bb][et_pb_button button_url=\u00a0\u00bbhttps:\/\/www.petzl.com\/brand\/s\/Petzl-Solutions?language=fr\u00a0\u00bb url_new_window=\u00a0\u00bbon\u00a0\u00bb button_text=\u00a0\u00bbVERS LE SITE GLOBAL PETZL SOLUTION\u00a0\u00bb _builder_version=\u00a0\u00bb4.27.0&Prime; _module_preset=\u00a0\u00bbdefault\u00a0\u00bb custom_button=\u00a0\u00bbon\u00a0\u00bb button_bg_color=\u00a0\u00bb#FFD500&Prime; button_border_width=\u00a0\u00bb0px\u00a0\u00bb button_border_radius=\u00a0\u00bb5px\u00a0\u00bb locked=\u00a0\u00bboff\u00a0\u00bb global_colors_info=\u00a0\u00bb{}\u00a0\u00bb][\/et_pb_button][\/et_pb_column_inner][\/et_pb_row_inner][et_pb_row_inner module_id=\u00a0\u00bbUebersicht\u00a0\u00bb _builder_version=\u00a0\u00bb4.27.0&Prime; _module_preset=\u00a0\u00bbdefault\u00a0\u00bb global_colors_info=\u00a0\u00bb{}\u00a0\u00bb][et_pb_column_inner saved_specialty_column_type=\u00a0\u00bb3_4&Prime; _builder_version=\u00a0\u00bb4.25.2&Prime; _module_preset=\u00a0\u00bbdefault\u00a0\u00bb global_colors_info=\u00a0\u00bb{}\u00a0\u00bb][et_pb_text _builder_version=\u00a0\u00bb4.27.0&Prime; _module_preset=\u00a0\u00bbdefault\u00a0\u00bb header_font=\u00a0\u00bb&#8211;et_global_heading_font|300|||||||\u00a0\u00bb header_2_font=\u00a0\u00bb&#8211;et_global_heading_font|300|||||||\u00a0\u00bb header_2_font_size=\u00a0\u00bb32px\u00a0\u00bb global_colors_info=\u00a0\u00bb{}\u00a0\u00bb]<\/p>\n<h2>VUE D&rsquo;ENSEMBLE<\/h2>\n<p>[\/et_pb_text][et_pb_text _builder_version=\u00a0\u00bb4.27.0&Prime; _module_preset=\u00a0\u00bbdefault\u00a0\u00bb header_2_font=\u00a0\u00bb&#8211;et_global_heading_font||||||||\u00a0\u00bb header_3_font=\u00a0\u00bb&#8211;et_global_heading_font||||||||\u00a0\u00bb header_3_font_size=\u00a0\u00bb24px\u00a0\u00bb global_colors_info=\u00a0\u00bb{}\u00a0\u00bb]<\/p>\n<p>Pour que son r\u00e9seau soit efficace, Petzl a besoin de partenaires fiables. Chaque partenaire est soumis \u00e0 un audit complet et est r\u00e9guli\u00e8rement contr\u00f4l\u00e9 quant au respect des normes de formation Petzl. <\/p>\n<p><span>Un PTP est un organisme de formation agissant de mani\u00e8re autonome. Pour obtenir le statut de PTP, le centre de formation passe un audit du PTI SUISSE et est finalement certifi\u00e9 PTP par ce dernier. Les PTP sont bien r\u00e9partis au niveau r\u00e9gional en Suisse et proposent des formations avec diff\u00e9rents th\u00e8mes principaux.  <\/span><\/p>\n<p>[\/et_pb_text][et_pb_image src=\u00a0\u00bb\/wp-content\/uploads\/2024\/08\/Petzl-technical-Partner-schweiz.png\u00a0\u00bb alt=\u00a0\u00bbPetzl technical Partner suisse\u00a0\u00bb title_text=\u00a0\u00bbPetzl-technical-Partner-Suisse\u00a0\u00bb _builder_version=\u00a0\u00bb4.27.0&Prime; _module_preset=\u00a0\u00bbdefault\u00a0\u00bb global_colors_info=\u00a0\u00bb{}\u00a0\u00bb][\/et_pb_image][\/et_pb_column_inner][\/et_pb_row_inner][et_pb_row_inner module_id=\u00a0\u00bbPartners\u00a0\u00bb _builder_version=\u00a0\u00bb4.27.0&Prime; _module_preset=\u00a0\u00bbdefault\u00a0\u00bb global_colors_info=\u00a0\u00bb{}\u00a0\u00bb][et_pb_column_inner saved_specialty_column_type=\u00a0\u00bb3_4&Prime; _builder_version=\u00a0\u00bb4.25.2&Prime; _module_preset=\u00a0\u00bbdefault\u00a0\u00bb global_colors_info=\u00a0\u00bb{}\u00a0\u00bb][et_pb_text _builder_version=\u00a0\u00bb4.27.0&Prime; _module_preset=\u00a0\u00bbdefault\u00a0\u00bb header_font=\u00a0\u00bb&#8211;et_global_heading_font|300|||||||\u00a0\u00bb header_2_font=\u00a0\u00bb&#8211;et_global_heading_font|300|||||||\u00a0\u00bb header_2_font_size=\u00a0\u00bb32px\u00a0\u00bb global_colors_info=\u00a0\u00bb{}\u00a0\u00bb]<\/p>\n<h2>PETZL TECHNICAL PARTNER<\/h2>\n<p>[\/et_pb_text][\/et_pb_column_inner][\/et_pb_row_inner][et_pb_row_inner column_structure=\u00a0\u00bb1_2,1_2&Prime; _builder_version=\u00a0\u00bb4.27.0&Prime; _module_preset=\u00a0\u00bbdefault\u00a0\u00bb global_colors_info=\u00a0\u00bb{}\u00a0\u00bb][et_pb_column_inner type=\u00a0\u00bb1_2&Prime; saved_specialty_column_type=\u00a0\u00bb3_4&Prime; _builder_version=\u00a0\u00bb4.27.0&Prime; _module_preset=\u00a0\u00bbdefault\u00a0\u00bb global_colors_info=\u00a0\u00bb{}\u00a0\u00bb][et_pb_image src=\u00a0\u00bbhttps:\/\/petzl-training.cornuz.ch\/wp-content\/uploads\/2024\/09\/ALTIMUM-WebID-22-013-FORM-FR-480.png\u00a0\u00bb title_text=\u00a0\u00bbALTIMUM-WebID-22-013-FORM-FR-480&Prime; url=\u00a0\u00bbhttp:\/\/www.altimum.ch\u00a0\u00bb url_new_window=\u00a0\u00bbon\u00a0\u00bb _builder_version=\u00a0\u00bb4.27.0&Prime; _module_preset=\u00a0\u00bbdefault\u00a0\u00bb global_colors_info=\u00a0\u00bb{}\u00a0\u00bb][\/et_pb_image][\/et_pb_column_inner][et_pb_column_inner type=\u00a0\u00bb1_2&Prime; saved_specialty_column_type=\u00a0\u00bb3_4&Prime; _builder_version=\u00a0\u00bb4.27.0&Prime; _module_preset=\u00a0\u00bbdefault\u00a0\u00bb global_colors_info=\u00a0\u00bb{}\u00a0\u00bb][et_pb_text _builder_version=\u00a0\u00bb4.27.0&Prime; _module_preset=\u00a0\u00bbdefault\u00a0\u00bb global_colors_info=\u00a0\u00bb{}\u00a0\u00bb]<\/p>\n<p><strong><br \/>Altimum Formation SA<\/strong> dispose de 5 sites de formation aux travaux en hauteur avec \u00e9quipements de protection individuelle (Vaud, Gen\u00e8ve, Valais, Neuch\u00e2tel et Zurich).<\/p>\n<p>Chaque site propose des formations de base, ainsi que des formations adapt\u00e9es \u00e0 l\u2019environnement ou aux certifications.<\/p>\n<p>En fonction de vos besoins, nous pouvons \u00e9galement organiser des tests d\u2019\u00e9quipements et des mises en situation sp\u00e9cifiques. <span><\/span> \u00c0 Pal\u00e9zieux (VD), en plus des cours propos\u00e9s, les participants peuvent \u00eatre log\u00e9s directement sur place dans des chambres \u00e0 deux lits ou individuelles avec salle de bain \u00e0 l\u2019\u00e9tage et petit-d\u00e9jeuner. Id\u00e9al pour des cours de deux ou plusieurs jours !<\/p>\n<p>Pour toute information compl\u00e9mentaire ou demande de renseignements, n\u2019h\u00e9sitez pas \u00e0 nous contacter au <strong>021\/947 58 48<\/strong>ou par mail \u00e0 <br \/><strong><a href=\"mailto:training@altimum.ch\" target=\"_blank\" rel=\"noopener noreferrer\">training@altimum.ch<\/a><\/strong><\/p>\n<p>Nous nous r\u00e9jouissons de vous accueillir !<\/p>\n<p>[\/et_pb_text][\/et_pb_column_inner][\/et_pb_row_inner][\/et_pb_column][\/et_pb_section]<\/p>\n","protected":false},"excerpt":{"rendered":"<p>PETZL SOLUTIONSAVOIR, COMPRENDRE, PARTAGER Que ce soit dans l\u2019environnement de travail ou dans les sports de montagne, pour nous d\u00e9placer dans un environnement vertical, nous avons besoin de produits adapt\u00e9s et du savoir-faire pour les utiliser. Ce savoir-faire comprend non seulement l\u2019utilisation correcte du produit, mais aussi la compr\u00e9hension de l\u2019environnement dans lequel il est [&hellip;]<\/p>\n","protected":false},"author":667,"featured_media":0,"parent":0,"menu_order":0,"comment_status":"closed","ping_status":"closed","template":"","meta":{"_acf_changed":false,"_et_pb_use_builder":"on","_et_pb_old_content":"","_et_gb_content_width":"","footnotes":""},"class_list":["post-34838","page","type-page","status-publish","hentry"],"acf":[],"jetpack-related-posts":[],"jetpack_shortlink":"https:\/\/wp.me\/PfZVo6-93U","jetpack_sharing_enabled":true,"_links":{"self":[{"href":"https:\/\/petzl-training.cornuz.ch\/fr\/wp-json\/wp\/v2\/pages\/34838"}],"collection":[{"href":"https:\/\/petzl-training.cornuz.ch\/fr\/wp-json\/wp\/v2\/pages"}],"about":[{"href":"https:\/\/petzl-training.cornuz.ch\/fr\/wp-json\/wp\/v2\/types\/page"}],"author":[{"embeddable":true,"href":"https:\/\/petzl-training.cornuz.ch\/fr\/wp-json\/wp\/v2\/users\/667"}],"replies":[{"embeddable":true,"href":"https:\/\/petzl-training.cornuz.ch\/fr\/wp-json\/wp\/v2\/comments?post=34838"}],"version-history":[{"count":0,"href":"https:\/\/petzl-training.cornuz.ch\/fr\/wp-json\/wp\/v2\/pages\/34838\/revisions"}],"wp:attachment":[{"href":"https:\/\/petzl-training.cornuz.ch\/fr\/wp-json\/wp\/v2\/media?parent=34838"}],"curies":[{"name":"wp","href":"https:\/\/api.w.org\/{rel}","templated":true}]}}