{"id":34842,"date":"2023-04-01T21:32:46","date_gmt":"2023-04-01T19:32:46","guid":{"rendered":"https:\/\/petzl-training.cornuz.ch\/a-propos-de-nous\/"},"modified":"2024-09-13T10:25:32","modified_gmt":"2024-09-13T08:25:32","slug":"a-propos-de-nous","status":"publish","type":"page","link":"https:\/\/petzl-training.cornuz.ch\/fr\/a-propos-de-nous\/","title":{"rendered":"\u00c0 propos de nous"},"content":{"rendered":"<p>[et_pb_section fb_built=\u00a0\u00bb1&Prime; fullwidth=\u00a0\u00bbon\u00a0\u00bb _builder_version=\u00a0\u00bb4.25.2&Prime; _module_preset=\u00a0\u00bbdefault\u00a0\u00bb global_colors_info=\u00a0\u00bb{}\u00a0\u00bb][et_pb_fullwidth_header title=\u00a0\u00bb\u00c0 PROPOS DE NOUS\u00a0\u00bb subhead=\u00a0\u00bb\u00dcber das PTI Schweiz\u00a0\u00bb admin_label=\u00a0\u00bbYellow Header\u00a0\u00bb _builder_version=\u00a0\u00bb4.27.0&Prime; _dynamic_attributes=\u00a0\u00bbtitle\u00a0\u00bb _module_preset=\u00a0\u00bbdefault\u00a0\u00bb title_font=\u00a0\u00bb&#8211;et_global_heading_font|100||on|||||\u00a0\u00bb title_text_color=\u00a0\u00bb#000000&Prime; title_font_size=\u00a0\u00bb42px\u00a0\u00bb subhead_text_color=\u00a0\u00bb#000000&Prime; subhead_font_size=\u00a0\u00bb16px\u00a0\u00bb background_color=\u00a0\u00bb#FFD500&Prime; use_background_color_gradient=\u00a0\u00bbon\u00a0\u00bb background_color_gradient_stops=\u00a0\u00bbrgba(255,213,25,0.9) 0%|rgba(255,213,25,0.9) 100%\u00a0\u00bb background_color_gradient_overlays_image=\u00a0\u00bbon\u00a0\u00bb background_image=\u00a0\u00bb\/wp-content\/uploads\/2023\/04\/Petzl-Nordic-1.jpeg\u00a0\u00bb custom_padding_tablet=\u00a0\u00bb30px||30px||true|false\u00a0\u00bb custom_padding_phone=\u00a0\u00bb15px||15px||true|false\u00a0\u00bb custom_padding_last_edited=\u00a0\u00bbon|phone\u00a0\u00bb title_font_size_tablet=\u00a0\u00bb36px\u00a0\u00bb title_font_size_phone=\u00a0\u00bb28px\u00a0\u00bb title_font_size_last_edited=\u00a0\u00bbon|tablet\u00a0\u00bb saved_tabs=\u00a0\u00bball\u00a0\u00bb global_colors_info=\u00a0\u00bb{}\u00a0\u00bb][\/et_pb_fullwidth_header][\/et_pb_section][et_pb_section fb_built=\u00a0\u00bb1&Prime; specialty=\u00a0\u00bbon\u00a0\u00bb custom_padding_last_edited=\u00a0\u00bbon|phone\u00a0\u00bb _builder_version=\u00a0\u00bb4.27.0&Prime; _module_preset=\u00a0\u00bbdefault\u00a0\u00bb custom_padding_tablet=\u00a0\u00bb0px||||false|false\u00a0\u00bb custom_padding_phone=\u00a0\u00bb0px||||false|false\u00a0\u00bb global_colors_info=\u00a0\u00bb{}\u00a0\u00bb][et_pb_column type=\u00a0\u00bb1_3&Prime; _builder_version=\u00a0\u00bb4.16&Prime; custom_padding=\u00a0\u00bb|||\u00a0\u00bb global_colors_info=\u00a0\u00bb{}\u00a0\u00bb custom_padding__hover=\u00a0\u00bb|||\u00a0\u00bb][et_pb_button button_url=\u00a0\u00bb#PTI_SCHWEIZ\u00a0\u00bb button_text=\u00a0\u00bbPTI SUISSE\u00a0\u00bb disabled_on=\u00a0\u00bbon|on|off\u00a0\u00bb _builder_version=\u00a0\u00bb4.27.0&Prime; _dynamic_attributes=\u00a0\u00bbbutton_url\u00a0\u00bb _module_preset=\u00a0\u00bbdefault\u00a0\u00bb custom_button=\u00a0\u00bbon\u00a0\u00bb button_text_size=\u00a0\u00bb16px\u00a0\u00bb button_bg_color=\u00a0\u00bb#fafafa\u00a0\u00bb button_border_width=\u00a0\u00bb0px\u00a0\u00bb button_border_radius=\u00a0\u00bb0px\u00a0\u00bb positioning=\u00a0\u00bbrelative\u00a0\u00bb custom_margin=\u00a0\u00bb0px|0px|0px|0px|true|true\u00a0\u00bb custom_padding=\u00a0\u00bb1em|1.5em|1em|1.5em|true|true\u00a0\u00bb sticky_position=\u00a0\u00bbtop\u00a0\u00bb custom_css_main_element=\u00a0\u00bb  position: relative;||  display: block!important;||  width: 100%;\u00a0\u00bb custom_css_free_form=\u00a0\u00bbselector {||  position: relative;||  display: block!important;||  width: 100%;||}||selector a {||  position: relative;||  display: block!important;||  width: 100%;||}\u00a0\u00bb saved_tabs=\u00a0\u00bball\u00a0\u00bb global_colors_info=\u00a0\u00bb{}\u00a0\u00bb button_bg_color__hover_enabled=\u00a0\u00bbon|hover\u00a0\u00bb button_bg_color__hover=\u00a0\u00bb#eaeaea\u00a0\u00bb button_bg_enable_color__hover=\u00a0\u00bbon\u00a0\u00bb][\/et_pb_button][et_pb_button button_url=\u00a0\u00bb#TEAM\u00a0\u00bb button_text=\u00a0\u00bbTEAM\u00a0\u00bb disabled_on=\u00a0\u00bbon|on|off\u00a0\u00bb _builder_version=\u00a0\u00bb4.27.0&Prime; _dynamic_attributes=\u00a0\u00bbbutton_url\u00a0\u00bb _module_preset=\u00a0\u00bbdefault\u00a0\u00bb custom_button=\u00a0\u00bbon\u00a0\u00bb button_text_size=\u00a0\u00bb16px\u00a0\u00bb button_bg_color=\u00a0\u00bb#fafafa\u00a0\u00bb button_border_width=\u00a0\u00bb0px\u00a0\u00bb button_border_radius=\u00a0\u00bb0px\u00a0\u00bb positioning=\u00a0\u00bbrelative\u00a0\u00bb custom_margin=\u00a0\u00bb0px|0px|0px|0px|true|true\u00a0\u00bb custom_padding=\u00a0\u00bb1em|1.5em|1em|1.5em|true|true\u00a0\u00bb sticky_position=\u00a0\u00bbtop\u00a0\u00bb custom_css_main_element=\u00a0\u00bb  position: relative;||  display: block!important;||  width: 100%;\u00a0\u00bb custom_css_free_form=\u00a0\u00bbselector {||  position: relative;||  display: block!important;||  width: 100%;||}||selector a {||  position: relative;||  display: block!important;||  width: 100%;||}\u00a0\u00bb saved_tabs=\u00a0\u00bball\u00a0\u00bb global_colors_info=\u00a0\u00bb{}\u00a0\u00bb button_bg_color__hover_enabled=\u00a0\u00bbon|hover\u00a0\u00bb button_bg_color__hover=\u00a0\u00bb#eaeaea\u00a0\u00bb button_bg_enable_color__hover=\u00a0\u00bbon\u00a0\u00bb][\/et_pb_button][\/et_pb_column][et_pb_column type=\u00a0\u00bb2_3&Prime; specialty_columns=\u00a0\u00bb2&Prime; _builder_version=\u00a0\u00bb4.16&Prime; custom_padding=\u00a0\u00bb|||\u00a0\u00bb global_colors_info=\u00a0\u00bb{}\u00a0\u00bb custom_padding__hover=\u00a0\u00bb|||\u00a0\u00bb][et_pb_row_inner module_id=\u00a0\u00bbPTI_SCHWEIZ\u00a0\u00bb _builder_version=\u00a0\u00bb4.27.0&Prime; _module_preset=\u00a0\u00bbdefault\u00a0\u00bb global_colors_info=\u00a0\u00bb{}\u00a0\u00bb][et_pb_column_inner saved_specialty_column_type=\u00a0\u00bb2_3&Prime; _builder_version=\u00a0\u00bb4.25.2&Prime; _module_preset=\u00a0\u00bbdefault\u00a0\u00bb global_colors_info=\u00a0\u00bb{}\u00a0\u00bb][et_pb_text _builder_version=\u00a0\u00bb4.27.0&Prime; _module_preset=\u00a0\u00bbdefault\u00a0\u00bb header_font=\u00a0\u00bb&#8211;et_global_heading_font|300|||||||\u00a0\u00bb global_colors_info=\u00a0\u00bb{}\u00a0\u00bb]<\/p>\n<p><a href=\"#PTI\"><\/a><\/p>\n<h1>PTI SUISSE<\/h1>\n<p>[\/et_pb_text][et_pb_text _builder_version=\u00a0\u00bb4.25.2&Prime; _module_preset=\u00a0\u00bbdefault\u00a0\u00bb text_font=\u00a0\u00bb&#8211;et_global_body_font|300|||||||\u00a0\u00bb header_font=\u00a0\u00bb&#8211;et_global_heading_font|300|||||||\u00a0\u00bb header_2_font=\u00a0\u00bb&#8211;et_global_heading_font||||||||\u00a0\u00bb global_colors_info=\u00a0\u00bb{}\u00a0\u00bb]<\/p>\n<h2>LE PTI<\/h2>\n<p><span>L&rsquo;agence PETZL Suisse, Agence 10ch SA, bas\u00e9e \u00e0 Pal\u00e9zieux, fait partie des pionniers de la formation et est d\u00e9j\u00e0 PETZL TECHNICAL INSTITUTE depuis 2011. Bas\u00e9e pr\u00e8s de Lausanne, l&rsquo;agence dispose d&rsquo;une infrastructure de formation extr\u00eamement vari\u00e9e. Gr\u00e2ce \u00e0 son r\u00e9seau de sp\u00e9cialistes et de partenaires, elle se d\u00e9place dans toute la Suisse.  <\/span><\/p>\n<p>Le PTI Suisse s&rsquo;est \u00e9galement donn\u00e9 pour mission de mettre en place un r\u00e9seau de partenaires (Petzl Technical Partners &#8211; PTPs) afin d&rsquo;offrir une approche pratique et des formations r\u00e9gionales.<\/p>\n<p><span>Proche des institutions fa\u00eeti\u00e8res suisses, le PTI Suisse entretient \u00e9galement un r\u00e9seau de r\u00e9f\u00e9rents techniques avec lesquels les \u00e9changes sont nombreux.<\/span><\/p>\n<p>[\/et_pb_text][\/et_pb_column_inner][\/et_pb_row_inner][et_pb_row_inner column_structure=\u00a0\u00bb1_3,1_3,1_3&Prime; _builder_version=\u00a0\u00bb4.25.2&Prime; _module_preset=\u00a0\u00bbdefault\u00a0\u00bb global_colors_info=\u00a0\u00bb{}\u00a0\u00bb][et_pb_column_inner type=\u00a0\u00bb1_3&Prime; saved_specialty_column_type=\u00a0\u00bb2_3&Prime; _builder_version=\u00a0\u00bb4.25.2&Prime; _module_preset=\u00a0\u00bbdefault\u00a0\u00bb global_colors_info=\u00a0\u00bb{}\u00a0\u00bb][et_pb_image src=\u00a0\u00bbhttps:\/\/petzl-training.cornuz.ch\/wp-content\/uploads\/2019\/06\/Logo-SBV-ASGM.png\u00a0\u00bb alt=\u00a0\u00bbPTI Logo\u00a0\u00bb title_text=\u00a0\u00bbLogo-SBV-ASGM\u00a0\u00bb url=\u00a0\u00bbhttps:\/\/sbv-asgm.ch\/\u00a0\u00bb url_new_window=\u00a0\u00bbon\u00a0\u00bb align=\u00a0\u00bbcenter\u00a0\u00bb _builder_version=\u00a0\u00bb4.27.0&Prime; _module_preset=\u00a0\u00bbdefault\u00a0\u00bb max_width=\u00a0\u00bb256px\u00a0\u00bb max_height=\u00a0\u00bb128px\u00a0\u00bb global_colors_info=\u00a0\u00bb{}\u00a0\u00bb][\/et_pb_image][\/et_pb_column_inner][et_pb_column_inner type=\u00a0\u00bb1_3&Prime; saved_specialty_column_type=\u00a0\u00bb2_3&Prime; _builder_version=\u00a0\u00bb4.25.2&Prime; _module_preset=\u00a0\u00bbdefault\u00a0\u00bb global_colors_info=\u00a0\u00bb{}\u00a0\u00bb][et_pb_image src=\u00a0\u00bb\/wp-content\/uploads\/2024\/08\/SUVA.png\u00a0\u00bb title_text=\u00a0\u00bbSUVA\u00a0\u00bb url=\u00a0\u00bbhttp:\/\/www.suva.ch\u00a0\u00bb url_new_window=\u00a0\u00bbon\u00a0\u00bb align=\u00a0\u00bbcenter\u00a0\u00bb _builder_version=\u00a0\u00bb4.27.0&Prime; _module_preset=\u00a0\u00bbdefault\u00a0\u00bb max_width=\u00a0\u00bb256px\u00a0\u00bb max_height=\u00a0\u00bb128px\u00a0\u00bb global_colors_info=\u00a0\u00bb{}\u00a0\u00bb][\/et_pb_image][\/et_pb_column_inner][et_pb_column_inner type=\u00a0\u00bb1_3&Prime; saved_specialty_column_type=\u00a0\u00bb2_3&Prime; _builder_version=\u00a0\u00bb4.25.2&Prime; _module_preset=\u00a0\u00bbdefault\u00a0\u00bb global_colors_info=\u00a0\u00bb{}\u00a0\u00bb][et_pb_image src=\u00a0\u00bb\/wp-content\/uploads\/2024\/08\/CAS.png\u00a0\u00bb title_text=\u00a0\u00bbCAS\u00a0\u00bb url=\u00a0\u00bbhttps:\/\/www.sac-cas.ch\/fr\/\u00a0\u00bb url_new_window=\u00a0\u00bbon\u00a0\u00bb align=\u00a0\u00bbcenter\u00a0\u00bb _builder_version=\u00a0\u00bb4.27.0&Prime; _module_preset=\u00a0\u00bbdefault\u00a0\u00bb max_width=\u00a0\u00bb256px\u00a0\u00bb max_height=\u00a0\u00bb128px\u00a0\u00bb global_colors_info=\u00a0\u00bb{}\u00a0\u00bb][\/et_pb_image][\/et_pb_column_inner][\/et_pb_row_inner][et_pb_row_inner column_structure=\u00a0\u00bb1_3,1_3,1_3&Prime; _builder_version=\u00a0\u00bb4.27.0&Prime; _module_preset=\u00a0\u00bbdefault\u00a0\u00bb global_colors_info=\u00a0\u00bb{}\u00a0\u00bb][et_pb_column_inner type=\u00a0\u00bb1_3&Prime; saved_specialty_column_type=\u00a0\u00bb2_3&Prime; _builder_version=\u00a0\u00bb4.27.0&Prime; _module_preset=\u00a0\u00bbdefault\u00a0\u00bb global_colors_info=\u00a0\u00bb{}\u00a0\u00bb][et_pb_image src=\u00a0\u00bb\/wp-content\/uploads\/2024\/08\/AC.ch_.png\u00a0\u00bb title_text=\u00a0\u00bbAC.ch\u00a0\u00bb url=\u00a0\u00bbhttp:\/\/www.antichute.ch\u00a0\u00bb url_new_window=\u00a0\u00bbon\u00a0\u00bb align=\u00a0\u00bbcenter\u00a0\u00bb _builder_version=\u00a0\u00bb4.27.0&Prime; _module_preset=\u00a0\u00bbdefault\u00a0\u00bb max_width=\u00a0\u00bb256px\u00a0\u00bb max_height=\u00a0\u00bb128px\u00a0\u00bb global_colors_info=\u00a0\u00bb{}\u00a0\u00bb][\/et_pb_image][\/et_pb_column_inner][et_pb_column_inner type=\u00a0\u00bb1_3&Prime; saved_specialty_column_type=\u00a0\u00bb2_3&Prime; _builder_version=\u00a0\u00bb4.27.0&Prime; _module_preset=\u00a0\u00bbdefault\u00a0\u00bb global_colors_info=\u00a0\u00bb{}\u00a0\u00bb][et_pb_image src=\u00a0\u00bb\/wp-content\/uploads\/2024\/08\/ARS.png\u00a0\u00bb alt=\u00a0\u00bbVKSB\/ASSE\u00a0\u00bb title_text=\u00a0\u00bbARS\u00a0\u00bb url=\u00a0\u00bbhttps:\/\/www.secoursalpin.ch\/\u00a0\u00bb url_new_window=\u00a0\u00bbon\u00a0\u00bb align=\u00a0\u00bbcenter\u00a0\u00bb _builder_version=\u00a0\u00bb4.27.0&Prime; _module_preset=\u00a0\u00bbdefault\u00a0\u00bb max_width=\u00a0\u00bb256px\u00a0\u00bb max_height=\u00a0\u00bb128px\u00a0\u00bb global_colors_info=\u00a0\u00bb{}\u00a0\u00bb][\/et_pb_image][\/et_pb_column_inner][et_pb_column_inner type=\u00a0\u00bb1_3&Prime; saved_specialty_column_type=\u00a0\u00bb2_3&Prime; _builder_version=\u00a0\u00bb4.27.0&Prime; _module_preset=\u00a0\u00bbdefault\u00a0\u00bb global_colors_info=\u00a0\u00bb{}\u00a0\u00bb][et_pb_image src=\u00a0\u00bb\/wp-content\/uploads\/2024\/08\/SHRV.png\u00a0\u00bb title_text=\u00a0\u00bbSHRV\u00a0\u00bb url=\u00a0\u00bbhttps:\/\/shrv.ch\/\u00a0\u00bb url_new_window=\u00a0\u00bbon\u00a0\u00bb align=\u00a0\u00bbcenter\u00a0\u00bb _builder_version=\u00a0\u00bb4.27.0&Prime; _module_preset=\u00a0\u00bbdefault\u00a0\u00bb max_width=\u00a0\u00bb256px\u00a0\u00bb max_height=\u00a0\u00bb128px\u00a0\u00bb global_colors_info=\u00a0\u00bb{}\u00a0\u00bb][\/et_pb_image][\/et_pb_column_inner][\/et_pb_row_inner][et_pb_row_inner _builder_version=\u00a0\u00bb4.25.2&Prime; _module_preset=\u00a0\u00bbdefault\u00a0\u00bb global_colors_info=\u00a0\u00bb{}\u00a0\u00bb][et_pb_column_inner saved_specialty_column_type=\u00a0\u00bb2_3&Prime; _builder_version=\u00a0\u00bb4.25.2&Prime; _module_preset=\u00a0\u00bbdefault\u00a0\u00bb global_colors_info=\u00a0\u00bb{}\u00a0\u00bb][et_pb_text _builder_version=\u00a0\u00bb4.27.0&Prime; _module_preset=\u00a0\u00bbdefault\u00a0\u00bb text_font=\u00a0\u00bb&#8211;et_global_body_font|300|||||||\u00a0\u00bb header_font=\u00a0\u00bb&#8211;et_global_heading_font|300|||||||\u00a0\u00bb header_2_font=\u00a0\u00bb&#8211;et_global_heading_font||||||||\u00a0\u00bb global_colors_info=\u00a0\u00bb{}\u00a0\u00bb]<\/p>\n<p>Association suisse des guides de montagne, Club alpin suisse, Secours alpin suisse, SUVA, SHRV, REGA, <a href=\"https:\/\/www.alpine-rescue.org\/\" target=\"_blank\" rel=\"noopener\">ICAR<\/a>, <a href=\"https:\/\/www.ocvs.ch\/\" target=\"_blank\" rel=\"noopener\">OCVS<\/a>, <a href=\"http:\/\/www.speleosecours.ch\/fr\/\" target=\"_blank\" rel=\"noopener\">SSS<\/a>, <a href=\"https:\/\/www.kletteranlagen.ch\/francais\/\" target=\"_blank\" rel=\"noopener\">ASSE<\/a>, <a href=\"https:\/\/www.fisat.com\/\" target=\"_blank\" rel=\"noopener\">FISAT<\/a>, <a href=\"http:\/\/www.irata.org\" target=\"_blank\" rel=\"noopener\">IRATA<\/a>, and many more&#8230;<\/p>\n<p>&nbsp;<\/p>\n<p>[\/et_pb_text][et_pb_text _builder_version=\u00a0\u00bb4.25.2&Prime; _module_preset=\u00a0\u00bbdefault\u00a0\u00bb text_font=\u00a0\u00bb&#8211;et_global_body_font|300|||||||\u00a0\u00bb header_font=\u00a0\u00bb&#8211;et_global_heading_font|300|||||||\u00a0\u00bb header_2_font=\u00a0\u00bb&#8211;et_global_heading_font||||||||\u00a0\u00bb global_colors_info=\u00a0\u00bb{}\u00a0\u00bb]<\/p>\n<h2>CONSEIL TECHNIQUE EN SUISSE<\/h2>\n<p>Depuis des ann\u00e9es, les chutes de hauteur font partie des causes d&rsquo;accident les plus fr\u00e9quemment d\u00e9clar\u00e9es \u00e0 la SUVA. En ce qui concerne les mesures de protection, les responsables ont un large choix de possibilit\u00e9s. Apr\u00e8s les mesures techniques et organisationnelles, des mesures de protection individuelle peuvent \u00e9galement \u00eatre mises en place. Chaque situation et chaque poste de travail \u00e9tant diff\u00e9rents, il s&rsquo;agit ici de trouver un syst\u00e8me adapt\u00e9 \u00e0 chacun. L&rsquo;Institut technique Petzl se fera un plaisir de vous aider pour les questions d&rsquo;ordre technique et d&rsquo;\u00e9laborer avec vous des solutions adapt\u00e9es.<\/p>\n<p>[\/et_pb_text][\/et_pb_column_inner][\/et_pb_row_inner][et_pb_row_inner _builder_version=\u00a0\u00bb4.25.2&Prime; _module_preset=\u00a0\u00bbdefault\u00a0\u00bb global_colors_info=\u00a0\u00bb{}\u00a0\u00bb][et_pb_column_inner saved_specialty_column_type=\u00a0\u00bb2_3&Prime; _builder_version=\u00a0\u00bb4.25.2&Prime; _module_preset=\u00a0\u00bbdefault\u00a0\u00bb global_colors_info=\u00a0\u00bb{}\u00a0\u00bb][et_pb_text _builder_version=\u00a0\u00bb4.25.2&Prime; _module_preset=\u00a0\u00bbdefault\u00a0\u00bb text_font=\u00a0\u00bb&#8211;et_global_body_font|300|||||||\u00a0\u00bb header_font=\u00a0\u00bb&#8211;et_global_heading_font|300|||||||\u00a0\u00bb header_2_font=\u00a0\u00bb&#8211;et_global_heading_font||||||||\u00a0\u00bb global_colors_info=\u00a0\u00bb{}\u00a0\u00bb]<\/p>\n<h2>ORGANISATION DE FORMATIONS<\/h2>\n<p>Nous organisons de nombreuses formations, instructions et ateliers dans notre centre de formation de Pal\u00e9zieux (Vaud). En accord avec nos clients, nous les proposons \u00e9galement dans des lieux appropri\u00e9s dans toute l&rsquo;Allemagne. Gr\u00e2ce \u00e0 la longue exp\u00e9rience de nos formateurs, nous pouvons adapter de mani\u00e8re optimale les contenus et les processus \u00e0 vos besoins.  <\/p>\n<p>[\/et_pb_text][\/et_pb_column_inner][\/et_pb_row_inner][et_pb_row_inner _builder_version=\u00a0\u00bb4.25.2&Prime; _module_preset=\u00a0\u00bbdefault\u00a0\u00bb global_colors_info=\u00a0\u00bb{}\u00a0\u00bb][et_pb_column_inner saved_specialty_column_type=\u00a0\u00bb2_3&Prime; _builder_version=\u00a0\u00bb4.25.2&Prime; _module_preset=\u00a0\u00bbdefault\u00a0\u00bb global_colors_info=\u00a0\u00bb{}\u00a0\u00bb][et_pb_text _builder_version=\u00a0\u00bb4.25.2&Prime; _module_preset=\u00a0\u00bbdefault\u00a0\u00bb text_font=\u00a0\u00bb&#8211;et_global_body_font|300|||||||\u00a0\u00bb header_font=\u00a0\u00bb&#8211;et_global_heading_font|300|||||||\u00a0\u00bb header_2_font=\u00a0\u00bb&#8211;et_global_heading_font||||||||\u00a0\u00bb global_colors_info=\u00a0\u00bb{}\u00a0\u00bb]<\/p>\n<h2>R\u00c9SEAU<\/h2>\n<p>Un r\u00e9seau bien d\u00e9velopp\u00e9 et fonctionnel est essentiel pour garantir nos standards de qualit\u00e9. Chez Petzl, nous pensons que l&rsquo;\u00e9change d&rsquo;exp\u00e9riences et de connaissances ainsi que les relations personnelles avec tous les participants sont les piliers d&rsquo;un r\u00e9seau productif. C&rsquo;est pourquoi les Petzl Technical Partners sont suivis tout au long de leur audit et restent en contact r\u00e9gulier avec le PTI Suisse par la suite. Ainsi, le standard de formation est garanti et les exp\u00e9riences pertinentes de la pratique trouvent rapidement leur chemin vers l&rsquo;entreprise. Un \u00e9change qui fonctionne dans les deux sens.<\/p>\n<p>[\/et_pb_text][et_pb_button button_url=\u00a0\u00bb@ET-DC@eyJkeW5hbWljIjp0cnVlLCJjb250ZW50IjoicG9zdF9saW5rX3VybF9wYWdlIiwic2V0dGluZ3MiOnsicG9zdF9pZCI6IjYxIn19@\u00a0\u00bb button_text=\u00a0\u00bbVERS LE R\u00c9SEAU\u00a0\u00bb _builder_version=\u00a0\u00bb4.27.0&Prime; _dynamic_attributes=\u00a0\u00bbbutton_url\u00a0\u00bb _module_preset=\u00a0\u00bbdefault\u00a0\u00bb custom_button=\u00a0\u00bbon\u00a0\u00bb button_bg_color=\u00a0\u00bb#FFD500&Prime; button_border_width=\u00a0\u00bb0px\u00a0\u00bb button_border_radius=\u00a0\u00bb5px\u00a0\u00bb global_colors_info=\u00a0\u00bb{}\u00a0\u00bb][\/et_pb_button][\/et_pb_column_inner][\/et_pb_row_inner][et_pb_row_inner module_id=\u00a0\u00bbTEAM\u00a0\u00bb _builder_version=\u00a0\u00bb4.27.0&Prime; _module_preset=\u00a0\u00bbdefault\u00a0\u00bb custom_padding=\u00a0\u00bb||3px|||\u00a0\u00bb global_colors_info=\u00a0\u00bb{}\u00a0\u00bb][et_pb_column_inner saved_specialty_column_type=\u00a0\u00bb2_3&Prime; _builder_version=\u00a0\u00bb4.27.0&Prime; _module_preset=\u00a0\u00bbdefault\u00a0\u00bb global_colors_info=\u00a0\u00bb{}\u00a0\u00bb][et_pb_text _builder_version=\u00a0\u00bb4.27.0&Prime; _module_preset=\u00a0\u00bbdefault\u00a0\u00bb header_font=\u00a0\u00bb&#8211;et_global_heading_font|300|||||||\u00a0\u00bb global_colors_info=\u00a0\u00bb{}\u00a0\u00bb]<a href=\"#Team\"><\/a><\/p>\n<h1>TEAM<\/h1>\n<p>[\/et_pb_text][\/et_pb_column_inner][\/et_pb_row_inner][et_pb_row_inner _builder_version=\u00a0\u00bb4.25.2&Prime; _module_preset=\u00a0\u00bbdefault\u00a0\u00bb global_colors_info=\u00a0\u00bb{}\u00a0\u00bb][et_pb_column_inner saved_specialty_column_type=\u00a0\u00bb2_3&Prime; _builder_version=\u00a0\u00bb4.25.2&Prime; _module_preset=\u00a0\u00bbdefault\u00a0\u00bb global_colors_info=\u00a0\u00bb{}\u00a0\u00bb][et_pb_text _builder_version=\u00a0\u00bb4.27.0&Prime; _module_preset=\u00a0\u00bbdefault\u00a0\u00bb text_font=\u00a0\u00bb&#8211;et_global_body_font|300|||||||\u00a0\u00bb header_font=\u00a0\u00bb&#8211;et_global_heading_font|300|||||||\u00a0\u00bb header_2_font=\u00a0\u00bb&#8211;et_global_heading_font||||||||\u00a0\u00bb global_colors_info=\u00a0\u00bb{}\u00a0\u00bb]<\/p>\n<p><strong>Design Formation \/ Administration \/ Logistique<\/strong><\/p>\n<ul>\n<li>Fred Salamin : direction de l&rsquo;agence 10ch SA et formateur.<\/li>\n<li>Carole Morier Genoud : Administration et logistique<\/li>\n<li>Antoine Massot : r\u00e9f\u00e9rent technique et formateur<\/li>\n<li>Vincent Zagula : gestion des \u00e9quipements et des salles d&rsquo;entra\u00eenement<\/li>\n<\/ul>\n<p>L&rsquo;\u00e9quipe p\u00e9dagogique est compos\u00e9e de commerciaux, de formateurs de l&rsquo;agence 10.CH SA et de formateurs de prestataires de services, qui ont tous une exp\u00e9rience et une expertise av\u00e9r\u00e9es dans leur domaine professionnel sp\u00e9cifique li\u00e9 \u00e0 la verticalit\u00e9.<\/p>\n<p><strong>Formateurs r\u00e9guliers<\/strong><\/p>\n<p><strong><\/strong><\/p>\n<ul>\n<li>Kay Braun : Formateur PTI Suisse (cordiste L3)<\/li>\n<li>David Kessler : formateur PTI Suisse (cordiste L3)<\/li>\n<li>Michel Alessandri : Formateur PTI Suisse (Guide de montagne AIPM)<\/li>\n<li>Yannick Schneider : formateur externe (grimpeur sur corde L3)<\/li>\n<li>Patrice Schlatter : formateur externe (sauveteur sur corde L3)<\/li>\n<li>Andr\u00e9 Rodrigues : formateur externe (cordiste L3)<\/li>\n<li>Stefan Lindner : formateur externe (grimpeur sur corde L3)<\/li>\n<\/ul>\n<p>[\/et_pb_text][\/et_pb_column_inner][\/et_pb_row_inner][et_pb_row_inner _builder_version=\u00a0\u00bb4.25.2&Prime; _module_preset=\u00a0\u00bbdefault\u00a0\u00bb global_colors_info=\u00a0\u00bb{}\u00a0\u00bb][et_pb_column_inner saved_specialty_column_type=\u00a0\u00bb2_3&Prime; _builder_version=\u00a0\u00bb4.25.2&Prime; _module_preset=\u00a0\u00bbdefault\u00a0\u00bb global_colors_info=\u00a0\u00bb{}\u00a0\u00bb][et_pb_text _builder_version=\u00a0\u00bb4.27.0&Prime; _module_preset=\u00a0\u00bbdefault\u00a0\u00bb text_font=\u00a0\u00bb&#8211;et_global_body_font|300|||||||\u00a0\u00bb header_font=\u00a0\u00bb&#8211;et_global_heading_font|300|||||||\u00a0\u00bb header_2_font=\u00a0\u00bb&#8211;et_global_heading_font||||||||\u00a0\u00bb custom_margin=\u00a0\u00bb||14px|||\u00a0\u00bb global_colors_info=\u00a0\u00bb{}\u00a0\u00bb]<\/p>\n<h2>L&rsquo;OFFRE COMPL\u00c8TE DE FORMATION PTI<\/h2>\n<p>[\/et_pb_text][et_pb_button button_url=\u00a0\u00bb@ET-DC@eyJkeW5hbWljIjp0cnVlLCJjb250ZW50IjoicG9zdF9saW5rX3VybF9wYWdlIiwic2V0dGluZ3MiOnsicG9zdF9pZCI6IjEyNjUifX0=@\u00a0\u00bb button_text=\u00a0\u00bbFORMATIONS\u00a0\u00bb _builder_version=\u00a0\u00bb4.27.0&Prime; _dynamic_attributes=\u00a0\u00bbbutton_url\u00a0\u00bb _module_preset=\u00a0\u00bbdefault\u00a0\u00bb custom_button=\u00a0\u00bbon\u00a0\u00bb button_bg_color=\u00a0\u00bb#FFD500&Prime; button_border_width=\u00a0\u00bb0px\u00a0\u00bb button_border_radius=\u00a0\u00bb5px\u00a0\u00bb global_colors_info=\u00a0\u00bb{}\u00a0\u00bb][\/et_pb_button][\/et_pb_column_inner][\/et_pb_row_inner][\/et_pb_column][\/et_pb_section]<\/p>\n","protected":false},"excerpt":{"rendered":"<p>PTI SUISSELE PTI L&rsquo;agence PETZL Suisse, Agence 10ch SA, bas\u00e9e \u00e0 Pal\u00e9zieux, fait partie des pionniers de la formation et est d\u00e9j\u00e0 PETZL TECHNICAL INSTITUTE depuis 2011. Bas\u00e9e pr\u00e8s de Lausanne, l&rsquo;agence dispose d&rsquo;une infrastructure de formation extr\u00eamement vari\u00e9e. Gr\u00e2ce \u00e0 son r\u00e9seau de sp\u00e9cialistes et de partenaires, elle se d\u00e9place dans toute la Suisse. [&hellip;]<\/p>\n","protected":false},"author":667,"featured_media":0,"parent":0,"menu_order":0,"comment_status":"closed","ping_status":"closed","template":"","meta":{"_acf_changed":false,"_et_pb_use_builder":"on","_et_pb_old_content":"","_et_gb_content_width":"","footnotes":""},"class_list":["post-34842","page","type-page","status-publish","hentry"],"acf":[],"jetpack-related-posts":[],"jetpack_shortlink":"https:\/\/wp.me\/PfZVo6-93Y","jetpack_sharing_enabled":true,"_links":{"self":[{"href":"https:\/\/petzl-training.cornuz.ch\/fr\/wp-json\/wp\/v2\/pages\/34842"}],"collection":[{"href":"https:\/\/petzl-training.cornuz.ch\/fr\/wp-json\/wp\/v2\/pages"}],"about":[{"href":"https:\/\/petzl-training.cornuz.ch\/fr\/wp-json\/wp\/v2\/types\/page"}],"author":[{"embeddable":true,"href":"https:\/\/petzl-training.cornuz.ch\/fr\/wp-json\/wp\/v2\/users\/667"}],"replies":[{"embeddable":true,"href":"https:\/\/petzl-training.cornuz.ch\/fr\/wp-json\/wp\/v2\/comments?post=34842"}],"version-history":[{"count":0,"href":"https:\/\/petzl-training.cornuz.ch\/fr\/wp-json\/wp\/v2\/pages\/34842\/revisions"}],"wp:attachment":[{"href":"https:\/\/petzl-training.cornuz.ch\/fr\/wp-json\/wp\/v2\/media?parent=34842"}],"curies":[{"name":"wp","href":"https:\/\/api.w.org\/{rel}","templated":true}]}}