{"id":35423,"date":"2023-07-25T08:15:17","date_gmt":"2023-07-25T06:15:17","guid":{"rendered":"https:\/\/petzl-training.cornuz.ch\/conditions-generales-impressum\/"},"modified":"2024-09-16T17:34:28","modified_gmt":"2024-09-16T15:34:28","slug":"conditions-generales-impressum","status":"publish","type":"page","link":"https:\/\/petzl-training.cornuz.ch\/fr\/conditions-generales-impressum\/","title":{"rendered":"Conditions g\u00e9n\u00e9rales \/ Impressum"},"content":{"rendered":"\n<h2 class=\"wp-block-heading\">Inscription<\/h2>\n\n<p>Les inscriptions se font uniquement par \u00e9crit :<\/p>\n\n<ul class=\"wp-block-list\">\n<li>par email : pti(at)petzl.ch<\/li>\n\n\n\n<li><a href=\"https:\/\/petzl-training.cornuz.ch\/fr\/formations\/\" data-type=\"page\" data-id=\"1265\">par formulaire <strong>online<\/strong><\/a><\/li>\n<\/ul>\n\n<p>Elles sont prises en consid\u00e9ration dans l\u2019ordre de r\u00e9ception.<\/p>\n\n<h2 class=\"wp-block-heading\">Prix<\/h2>\n\n<p>Les prix s\u2019entendent par formateur et par jour (forfait soci\u00e9t\u00e9 max. 6 participants) ou par personne et par cours (inscription individuelle).<\/p>\n\n<h4 class=\"wp-block-heading\">Est inclus :<\/h4>\n\n<ul class=\"wp-block-list\">\n<li>Mise \u00e0 disposition des EPI contre les chutes de hauteur (les EPI personnels ne sont pas accept\u00e9s pour des raisons de s\u00e9curit\u00e9)<\/li>\n\n\n\n<li>Formateur<\/li>\n\n\n\n<li>Documents de cours<\/li>\n\n\n\n<li>Certificat de formation<\/li>\n\n\n\n<li>Repas de midi<\/li>\n<\/ul>\n\n<h4 class=\"wp-block-heading\">N&rsquo;est pas inclus :<\/h4>\n\n<ul class=\"wp-block-list\">\n<li>Transport, repas de midi dans le cas de formations sur sites externes, repas du soir, h\u00e9bergement.<\/li>\n<\/ul>\n\n<h2 class=\"wp-block-heading\">Facturation \/ Paiement<\/h2>\n\n<p>Une fois que vous vous serez inscrit, vous recevrez une facture.<br\/>Sauf accord contraire, nos conditions de paiement s&rsquo;appliquent : \u00ab\u00a0Paiement confirm\u00e9 inscription\u00a0\u00bb. Votre participation ne sera donc d\u00e9finitivement confirm\u00e9e qu&rsquo;apr\u00e8s le r\u00e8glement complet de la facture.<\/p>\n\n<h2 class=\"wp-block-heading\">Assurance<\/h2>\n\n<p>Il est recommand\u00e9 de souscrire une assurance annulation.<br\/>Agence 10ch SA est couverte par une assurance responsabilit\u00e9 civile adapt\u00e9e \u00e0 l&rsquo;activit\u00e9 du cours. Il est de la responsabilit\u00e9 de tous les participants de s&rsquo;assurer contre les questions d&rsquo;assurance telles que l&rsquo;accident, la maladie et la responsabilit\u00e9 civile.<\/p>\n\n<h2 class=\"wp-block-heading\">Annulation<\/h2>\n\n<p>Les annulations doivent obligatoirement \u00eatre faites par \u00e9crit. La date du cachet de la poste ou la date du courrier \u00e9lectronique fait foi.<br\/>Les conditions d&rsquo;annulation suivantes s&rsquo;appliquent \u00e0 tous les cours :<\/p>\n\n<ul class=\"wp-block-list\">\n<li>Annulation jusqu\u2019\u00e0 11 jours ouvrables avant le cours, restitution du montant de la facture, moins une participation aux frais administratifs de CHF 100.-.<\/li>\n\n\n\n<li>Annulation jusqu\u2019\u00e0 6 jours ouvrables avant le cours, restitution de 50% du montant de la facture.<\/li>\n\n\n\n<li>Non-pr\u00e9sentation au cours ou annulation moins de 6 jours ouvrables avant le cours, aucun remboursement.<\/li>\n\n\n\n<li>Il est cependant possible d\u2019annoncer en tout temps un changement de participant.<\/li>\n\n\n\n<li>Dans un d\u00e9lai de 10 jours ouvrables minimum, il est possible de reporter la formation pour une autre date.<\/li>\n\n\n\n<li><\/li>\n<\/ul>\n\n<h2 class=\"wp-block-heading\">Exclusion<\/h2>\n\n<p><strong>L\u2019organisme ou le formateur<\/strong> peut en tout temps exclure un participant s\u2019il juge que l\u2019\u00e9tat ou le comportement de ce dernier n\u2019est pas ad\u00e9quat. En particulier s\u2019il compromet sa propre s\u00e9curit\u00e9 ou celle des autres ou s\u2019il ne respecte pas les r\u00e8gles l\u00e9gales ou extra-l\u00e9gales. nicht einh\u00e4lt. <\/p>\n\n<h2 class=\"wp-block-heading\">Apprentis, mineurs<\/h2>\n\n<p><strong>Une personne<\/strong> <strong>mineure<\/strong> n\u2019est pas autoris\u00e9e \u00e0 travailler en hauteur, sauf si le plan de formation de la branche le pr\u00e9voit. Pour toute question, vous pouvez nous contacter. <\/p>\n\n<h2 class=\"wp-block-heading\">Certification et dur\u00e9e de validit\u00e9<\/h2>\n\n<p>La certification est d\u00e9livr\u00e9e si toutes les conditions requises ont \u00e9t\u00e9 remplies et que la formation a \u00e9t\u00e9 pay\u00e9e dans sa totalit\u00e9.<\/p>\n\n<p>Le certificat reste valable 2 \u00e0 3 ans en fonction de la formation suivie (sauf si sp\u00e9cifi\u00e9 diff\u00e9remment pour un cours particulier). Il est recommand\u00e9 de suivre un cours de rafraichissement tous les 2 ans. <\/p>\n\n<h1 class=\"wp-block-heading\">Mentions l\u00e9gales<\/h1>\n\n<h2 class=\"wp-block-heading\">Identit\u00e9 de l\u2019\u00e9diteur<\/h2>\n\n<p>Le pr\u00e9sent site (www.petzl-training-switzerland.ch), y compris notamment son contenu, son nom de domaine et la gestion de la vente des produits, est \u00e9dit\u00e9 par Agence 10ch SA.<\/p>\n\n<p><strong>Agence 10ch SA<\/strong><br\/>Rte de Granges 9<br\/>1607 Pal\u00e9zieux<\/p>\n\n<h2 class=\"wp-block-heading\">H\u00e9bergeur<\/h2>\n\n<p>Infomaniak.ch<\/p>\n\n<h2 class=\"wp-block-heading\"><br\/>Propri\u00e9t\u00e9 intellectuelle<\/h2>\n\n<p>Les \u00e9l\u00e9ments du site www.petzl-training-switzerland.ch, y compris les photographies, illustrations, images anim\u00e9es ou fixes, graphismes, fonctionnalit\u00e9s, textes, impressions de rubriques, dessins, mod\u00e8les, logos, signes et marques, sont la propri\u00e9t\u00e9 exclusive de Agence 10ch SA.<\/p>\n\n<p>Il est interdit de reproduire, diffuser, publier, transmettre, modifier ou vendre, sur quelque support ou par quelque proc\u00e9d\u00e9 que ce soit, le site www.petzl-training-switzerland.ch ou son contenu sans l&rsquo;accord pr\u00e9alable \u00e9crit de Agence 10ch SA.<\/p>\n\n<p>L&rsquo;utilisation de ce site www.petzl-training-switzerland.ch et de son contenu ne peut se faire qu&rsquo;\u00e0 des fins priv\u00e9es, personnelles et non commerciales. La reproduction ou l&rsquo;utilisation de copies \u00e0 d&rsquo;autres fins est interdite.<\/p>\n\n<h2 class=\"wp-block-heading\">Contact<\/h2>\n\n<p>Pour plus d&rsquo;informations, vous pouvez nous contacter via le formulaire ci-dessous.<\/p>\n\n<p><\/p>\n","protected":false},"excerpt":{"rendered":"<p>Inscription Les inscriptions se font uniquement par \u00e9crit : Elles sont prises en consid\u00e9ration dans l\u2019ordre de r\u00e9ception. Prix Les prix s\u2019entendent par formateur et par jour (forfait soci\u00e9t\u00e9 max. 6 participants) ou par personne et par cours (inscription individuelle). Est inclus : N&rsquo;est pas inclus : Facturation \/ Paiement Une fois que vous vous [&hellip;]<\/p>\n","protected":false},"author":667,"featured_media":0,"parent":0,"menu_order":0,"comment_status":"closed","ping_status":"closed","template":"","meta":{"_acf_changed":false,"_et_pb_use_builder":"off","_et_pb_old_content":"","_et_gb_content_width":"","footnotes":""},"class_list":["post-35423","page","type-page","status-publish","hentry"],"acf":[],"jetpack-related-posts":[],"jetpack_shortlink":"https:\/\/wp.me\/PfZVo6-9dl","jetpack_sharing_enabled":true,"_links":{"self":[{"href":"https:\/\/petzl-training.cornuz.ch\/fr\/wp-json\/wp\/v2\/pages\/35423"}],"collection":[{"href":"https:\/\/petzl-training.cornuz.ch\/fr\/wp-json\/wp\/v2\/pages"}],"about":[{"href":"https:\/\/petzl-training.cornuz.ch\/fr\/wp-json\/wp\/v2\/types\/page"}],"author":[{"embeddable":true,"href":"https:\/\/petzl-training.cornuz.ch\/fr\/wp-json\/wp\/v2\/users\/667"}],"replies":[{"embeddable":true,"href":"https:\/\/petzl-training.cornuz.ch\/fr\/wp-json\/wp\/v2\/comments?post=35423"}],"version-history":[{"count":0,"href":"https:\/\/petzl-training.cornuz.ch\/fr\/wp-json\/wp\/v2\/pages\/35423\/revisions"}],"wp:attachment":[{"href":"https:\/\/petzl-training.cornuz.ch\/fr\/wp-json\/wp\/v2\/media?parent=35423"}],"curies":[{"name":"wp","href":"https:\/\/api.w.org\/{rel}","templated":true}]}}